{"id":18,"date":"2025-12-01T10:36:47","date_gmt":"2025-12-01T07:36:47","guid":{"rendered":"https:\/\/www.unverlermakine.com.tr\/en_US\/?page_id=18"},"modified":"2025-12-12T16:00:11","modified_gmt":"2025-12-12T13:00:11","slug":"terms-of-use","status":"publish","type":"page","link":"https:\/\/www.unverlermakine.com.tr\/en_US\/terms-of-use","title":{"rendered":"Terms of Use"},"content":{"rendered":"\n<p>This website (www.unverlermakine.com.tr) contains various designs, trademarks, logos, and information and documents including audio, visuals, and text (hereinafter referred to as \u2018content\u2019) that are the intellectual property and copyright of \u00dcNVERLER MAK\u0130NE SANAY\u0130 VE T\u0130CARET A. \u015e. (hereinafter referred to as \u2018\u00dcNVERLER MAK\u0130NE\u2019) or used within the framework of a license agreement.<\/p>\n\n\n\n<p>The entire content or any part thereof on our website can only be used with the written permission of its owners. Unauthorized modification, copying, renting, lending, transmitting, and publishing of the content is prohibited. Content obtained from the website cannot be used for any commercial purposes.<\/p>\n\n\n\n<p>\u00dcNVERLER MAK\u0130NE reserves the right to make changes to the terms and conditions of website usage without prior notice.<\/p>\n\n\n\n<p>Links provided on this website to websites owned by third parties may take you outside the \u00dcNVERLER MAK\u0130NE web network. \u00dcNVERLER MAK\u0130NE is not responsible for the content, accuracy, or functionality of these websites. These links are provided in good faith. \u00dcNVERLER MAK\u0130NE is not responsible for any subsequent changes in the linked sites. \u00dcNVERLER MAK\u0130NE and any third party involved in the creation, production, or transmission of this website cannot be held liable for any direct, indirect, incidental, consequential, or punitive damages or liabilities arising from accessing or using this site.<\/p>\n\n\n\n<p>\u00dcNVERLER MAK\u0130NE does not guarantee the suitability of the content on this website for any specific purpose. Additionally, \u00dcNVERLER MAK\u0130NE cannot be held responsible for any damage to your computer hardware or other assets, or for any malicious software that may infect your computer systems, resulting from your access to or use of this website, or downloading any audio, visual, or text-based information or documents from this site.<\/p>\n\n\n\n<p>Except for job applications, any comments, suggestions, ideas, graphics, or other information you submit to us through our website or email accounts may be used by \u00dcNVERLER MAK\u0130NE for commercial or non-commercial purposes without making any payment to you or any other person. \u00dcNVERLER MAK\u0130NE is not obligated to keep such information confidential, except for job applications.<\/p>\n\n\n\n<p>\u00dcNVERLER MAK\u0130NE cannot be held responsible for information provided by individuals under the age of 18 to \u00dcNVERLER MAK\u0130NE-owned websites without the permission of their parents or guardians.<\/p>\n\n\n\n<p>\u00dcNVERLER MAK\u0130NE may suspend the operation of this website during content updates or for support and maintenance purposes, and reserves the right to terminate access to this website at any time without prior notice.<\/p>\n\n\n\n<p>All information and recommendations provided on this website are of a general nature, and you should not rely on them to make decisions. While \u00dcNVERLER MAK\u0130NE endeavors to ensure the accuracy of all information presented on this website at the time of inclusion, it does not provide any guarantee as to their accuracy.<\/p>\n\n\n\n<p>By using the \u00dcNVERLER MAK\u0130NE website, every visitor is considered to have accepted the above-mentioned terms and conditions of use.<\/p>\n","protected":false},"excerpt":{"rendered":"<p>This website (www.unverlermakine.com.tr) contains various designs, trademarks, logos, and information and documents including audio, visuals, and text (hereinafter referred to as \u2018content\u2019) that are the intellectual property and copyright of \u00dcNVERLER MAK\u0130NE SANAY\u0130 VE T\u0130CARET A. \u015e. (hereinafter referred to as \u2018\u00dcNVERLER MAK\u0130NE\u2019) or used within the framework of a license agreement. The entire content [&hellip;]<\/p>\n","protected":false},"author":2,"featured_media":0,"parent":0,"menu_order":0,"comment_status":"closed","ping_status":"closed","template":"","meta":{"footnotes":""},"class_list":["post-18","page","type-page","status-publish","hentry"],"_links":{"self":[{"href":"https:\/\/www.unverlermakine.com.tr\/en_US\/wp-json\/wp\/v2\/pages\/18","targetHints":{"allow":["GET"]}}],"collection":[{"href":"https:\/\/www.unverlermakine.com.tr\/en_US\/wp-json\/wp\/v2\/pages"}],"about":[{"href":"https:\/\/www.unverlermakine.com.tr\/en_US\/wp-json\/wp\/v2\/types\/page"}],"author":[{"embeddable":true,"href":"https:\/\/www.unverlermakine.com.tr\/en_US\/wp-json\/wp\/v2\/users\/2"}],"replies":[{"embeddable":true,"href":"https:\/\/www.unverlermakine.com.tr\/en_US\/wp-json\/wp\/v2\/comments?post=18"}],"version-history":[{"count":3,"href":"https:\/\/www.unverlermakine.com.tr\/en_US\/wp-json\/wp\/v2\/pages\/18\/revisions"}],"predecessor-version":[{"id":996,"href":"https:\/\/www.unverlermakine.com.tr\/en_US\/wp-json\/wp\/v2\/pages\/18\/revisions\/996"}],"wp:attachment":[{"href":"https:\/\/www.unverlermakine.com.tr\/en_US\/wp-json\/wp\/v2\/media?parent=18"}],"curies":[{"name":"wp","href":"https:\/\/api.w.org\/{rel}","templated":true}]}}