{"id":20,"date":"2025-12-01T10:37:21","date_gmt":"2025-12-01T07:37:21","guid":{"rendered":"https:\/\/www.unverlermakine.com.tr\/en_US\/?page_id=20"},"modified":"2025-12-12T16:00:40","modified_gmt":"2025-12-12T13:00:40","slug":"privacy-policy","status":"publish","type":"page","link":"https:\/\/www.unverlermakine.com.tr\/en_US\/privacy-policy","title":{"rendered":"Privacy Policy"},"content":{"rendered":"\n<p>\u00dcNVERLER MAK\u0130NE SANAY\u0130 VE T\u0130CARET A. \u015e. (here in after referred to simply as \u2018\u00dcNVERLER MAK\u0130NE\u2019), the site may automatically record some technical information, such as a non-personal IP address, via the \u201cCookie\u201d technology. This information may include users\u2019 type of internet browsers or computers, domain address of internet service providers, number of visits, duration and character preferences. The number of visitors to the site is being tracked cumulatively. This processing does not include the personal information of the users. This information ensures that the site is up-to-date and can be evaluated by site users based on their interests. This non-personal information can be shared with \u00dcNVERLER MAK\u0130NE, its business partners. Users can set the use of \u201ccookies\u201d on their computers for blocking or warning when they are in use.<\/p>\n\n\n\n<p>The \u00dcNVERLER MAK\u0130NE pages link to different internet addresses. \u00dcNVERLER MAK\u0130NE is not responsible for the content or privacy practices of the sites you link to, promote banners, or promote in the ad space. The linking process referred to here is legally regarded as being \u201catft\u201d.<\/p>\n\n\n\n<p>\u00dcNVERLER MAK\u0130NE can make changes to this website privacy statement without notice.<\/p>\n\n\n\n<p>Every visitor using the \u00dcNVERLER MAK\u0130NE web site is deemed to have accepted the above privacy agreement.<\/p>\n","protected":false},"excerpt":{"rendered":"<p>\u00dcNVERLER MAK\u0130NE SANAY\u0130 VE T\u0130CARET A. \u015e. (here in after referred to simply as \u2018\u00dcNVERLER MAK\u0130NE\u2019), the site may automatically record some technical information, such as a non-personal IP address, via the \u201cCookie\u201d technology. This information may include users\u2019 type of internet browsers or computers, domain address of internet service providers, number of visits, duration [&hellip;]<\/p>\n","protected":false},"author":2,"featured_media":0,"parent":0,"menu_order":0,"comment_status":"closed","ping_status":"closed","template":"","meta":{"footnotes":""},"class_list":["post-20","page","type-page","status-publish","hentry"],"_links":{"self":[{"href":"https:\/\/www.unverlermakine.com.tr\/en_US\/wp-json\/wp\/v2\/pages\/20","targetHints":{"allow":["GET"]}}],"collection":[{"href":"https:\/\/www.unverlermakine.com.tr\/en_US\/wp-json\/wp\/v2\/pages"}],"about":[{"href":"https:\/\/www.unverlermakine.com.tr\/en_US\/wp-json\/wp\/v2\/types\/page"}],"author":[{"embeddable":true,"href":"https:\/\/www.unverlermakine.com.tr\/en_US\/wp-json\/wp\/v2\/users\/2"}],"replies":[{"embeddable":true,"href":"https:\/\/www.unverlermakine.com.tr\/en_US\/wp-json\/wp\/v2\/comments?post=20"}],"version-history":[{"count":3,"href":"https:\/\/www.unverlermakine.com.tr\/en_US\/wp-json\/wp\/v2\/pages\/20\/revisions"}],"predecessor-version":[{"id":997,"href":"https:\/\/www.unverlermakine.com.tr\/en_US\/wp-json\/wp\/v2\/pages\/20\/revisions\/997"}],"wp:attachment":[{"href":"https:\/\/www.unverlermakine.com.tr\/en_US\/wp-json\/wp\/v2\/media?parent=20"}],"curies":[{"name":"wp","href":"https:\/\/api.w.org\/{rel}","templated":true}]}}